{"id":18,"date":"2023-10-09T03:07:44","date_gmt":"2023-10-09T03:07:44","guid":{"rendered":"https:\/\/hc-star.com\/?page_id=18"},"modified":"2023-11-01T15:46:28","modified_gmt":"2023-11-01T07:46:28","slug":"about-us","status":"publish","type":"page","link":"https:\/\/hc-star.com\/vi\/about-us\/","title":{"rendered":"V\u1ec1 ch\u00fang t\u00f4i"},"content":{"rendered":"<div data-elementor-type=\"wp-page\" data-elementor-id=\"18\" class=\"elementor elementor-18\" data-elementor-post-type=\"page\">\n\t\t\t\t\t\t\t\t\t<section class=\"wd-negative-gap elementor-section elementor-top-section elementor-element elementor-element-c401360 elementor-section-height-min-height elementor-section-content-middle wd-section-stretch elementor-section-boxed elementor-section-height-default elementor-section-items-middle\" data-id=\"c401360\" data-element_type=\"section\" data-settings=\"{&quot;background_background&quot;:&quot;classic&quot;}\">\n\t\t\t\t\t\t<div class=\"elementor-container elementor-column-gap-default\">\n\t\t\t\t\t<div class=\"elementor-column elementor-col-50 elementor-top-column elementor-element elementor-element-436a405\" data-id=\"436a405\" data-element_type=\"column\">\n\t\t\t<div class=\"elementor-widget-wrap elementor-element-populated\">\n\t\t\t\t\t\t\t\t<div class=\"elementor-element elementor-element-158c14a elementor-widget elementor-widget-heading\" data-id=\"158c14a\" data-element_type=\"widget\" data-widget_type=\"heading.default\">\n\t\t\t\t<div class=\"elementor-widget-container\">\n\t\t\t<style>\/*! elementor - v3.16.0 - 20-09-2023 *\/\n.elementor-heading-title{padding:0;margin:0;line-height:1}.elementor-widget-heading .elementor-heading-title[class*=elementor-size-]>a{color:inherit;font-size:inherit;line-height:inherit}.elementor-widget-heading .elementor-heading-title.elementor-size-small{font-size:15px}.elementor-widget-heading .elementor-heading-title.elementor-size-medium{font-size:19px}.elementor-widget-heading .elementor-heading-title.elementor-size-large{font-size:29px}.elementor-widget-heading .elementor-heading-title.elementor-size-xl{font-size:39px}.elementor-widget-heading .elementor-heading-title.elementor-size-xxl{font-size:59px}<\/style><h2 class=\"elementor-heading-title elementor-size-default\">C\u00f4ng nghi\u1ec7p HC<\/h2>\t\t<\/div>\n\t\t\t\t<\/div>\n\t\t\t\t\t<\/div>\n\t\t<\/div>\n\t\t\t\t<div class=\"elementor-column elementor-col-50 elementor-top-column elementor-element elementor-element-da0b4a9\" data-id=\"da0b4a9\" data-element_type=\"column\">\n\t\t\t<div class=\"elementor-widget-wrap elementor-element-populated\">\n\t\t\t\t\t\t\t\t<div class=\"elementor-element elementor-element-0c47d20 color-scheme-inherit text-left elementor-widget elementor-widget-text-editor\" data-id=\"0c47d20\" data-element_type=\"widget\" data-widget_type=\"text-editor.default\">\n\t\t\t\t<div class=\"elementor-widget-container\">\n\t\t\t<style>\/*! elementor - v3.16.0 - 20-09-2023 *\/\n.elementor-widget-text-editor.elementor-drop-cap-view-stacked .elementor-drop-cap{background-color:#69727d;color:#fff}.elementor-widget-text-editor.elementor-drop-cap-view-framed .elementor-drop-cap{color:#69727d;border:3px solid;background-color:transparent}.elementor-widget-text-editor:not(.elementor-drop-cap-view-default) .elementor-drop-cap{margin-top:8px}.elementor-widget-text-editor:not(.elementor-drop-cap-view-default) .elementor-drop-cap-letter{width:1em;height:1em}.elementor-widget-text-editor .elementor-drop-cap{float:left;text-align:center;line-height:1;font-size:50px}.elementor-widget-text-editor .elementor-drop-cap-letter{display:inline-block}<\/style>\t\t\t\t<p>HC Industry, \u0111\u01b0\u1ee3c th\u00e0nh l\u1eadp t\u1ea1i Th\u00e2m Quy\u1ebfn v\u00e0o n\u0103m 2021, l\u00e0 nh\u00e0 cung c\u1ea5p d\u1ecbch v\u1ee5 gi\u1ea3i ph\u00e1p m\u00e0n h\u00ecnh LED to\u00e0n c\u1ea7u.<\/p><p>\u0110\u1ec3 cung c\u1ea5p cho kh\u00e1ch h\u00e0ng c\u00e1c gi\u1ea3i ph\u00e1p li\u00ean k\u1ebft \u0111\u1ea7y \u0111\u1ee7 t\u1eeb b\u1ed9 x\u1eed l\u00fd video \u0111\u1ebfn \u0111i\u1ec1u khi\u1ec3n hi\u1ec3n th\u1ecb, \u0111\u01b0\u1ee3c s\u1eed d\u1ee5ng r\u1ed9ng r\u00e3i trong gi\u00e1m s\u00e1t an ninh, trung t\u00e2m ch\u1ec9 huy v\u00e0 \u0111i\u1ec1u ph\u1ed1i, kho\u1ea3ng c\u00e1ch h\u1ed9i ngh\u1ecb nh\u1ecf, ph\u01b0\u01a1ng ti\u1ec7n qu\u1ea3ng c\u00e1o, bi\u1ec3u di\u1ec5n s\u00e2n kh\u1ea5u, studio \u1ea3o, h\u01b0\u1edbng d\u1eabn giao th\u00f4ng, m\u00e0n h\u00ecnh th\u01b0\u01a1ng m\u1ea1i, h\u1ec7 th\u1ed1ng quang \u0111i\u1ec7n t\u1eed, m\u00e0n h\u00ecnh ti\u00eau d\u00f9ng cao c\u1ea5p v\u00e0 c\u00e1c th\u1ecb tr\u01b0\u1eddng kh\u00e1c.<\/p>\t\t\t\t\t\t<\/div>\n\t\t\t\t<\/div>\n\t\t\t\t\t<\/div>\n\t\t<\/div>\n\t\t\t\t\t\t\t<\/div>\n\t\t<\/section>\n\t\t\t\t<section class=\"wd-negative-gap elementor-section elementor-top-section elementor-element elementor-element-01f855d elementor-section-height-min-height elementor-section-boxed elementor-section-height-default elementor-section-items-middle wd-section-disabled\" data-id=\"01f855d\" data-element_type=\"section\">\n\t\t\t\t\t\t<div class=\"elementor-container elementor-column-gap-default\">\n\t\t\t\t\t<div class=\"elementor-column elementor-col-50 elementor-top-column elementor-element elementor-element-e8676ca\" data-id=\"e8676ca\" data-element_type=\"column\">\n\t\t\t<div class=\"elementor-widget-wrap elementor-element-populated\">\n\t\t\t\t\t\t\t\t<div class=\"elementor-element elementor-element-188b705 elementor-widget elementor-widget-counter\" data-id=\"188b705\" data-element_type=\"widget\" data-widget_type=\"counter.default\">\n\t\t\t\t<div class=\"elementor-widget-container\">\n\t\t\t<style>\/*! elementor - v3.16.0 - 20-09-2023 *\/\n.elementor-counter .elementor-counter-number-wrapper{display:flex;font-size:69px;font-weight:600;line-height:1}.elementor-counter .elementor-counter-number-prefix,.elementor-counter .elementor-counter-number-suffix{flex-grow:1;white-space:pre-wrap}.elementor-counter .elementor-counter-number-prefix{text-align:right}.elementor-counter .elementor-counter-number-suffix{text-align:left}.elementor-counter .elementor-counter-title{text-align:center;font-size:19px;font-weight:400;line-height:2.5}<\/style>\t\t<div class=\"elementor-counter\">\n\t\t\t<div class=\"elementor-counter-number-wrapper\">\n\t\t\t\t<span class=\"elementor-counter-number-prefix\"><\/span>\n\t\t\t\t<span class=\"elementor-counter-number\" data-duration=\"2000\" data-to-value=\"1000\" data-from-value=\"0\" data-delimiter=\",\">0<\/span>\n\t\t\t\t<span class=\"elementor-counter-number-suffix\">m\u00e9t vu\u00f4ng<\/span>\n\t\t\t<\/div>\n\t\t\t\t\t\t\t<div class=\"elementor-counter-title\">T\u00f2a nh\u00e0 tr\u1ee5 s\u1edf qu\u1eadn B\u1ea3o An Th\u00e2m Quy\u1ebfn<\/div>\n\t\t\t\t\t<\/div>\n\t\t\t\t<\/div>\n\t\t\t\t<\/div>\n\t\t\t\t\t<\/div>\n\t\t<\/div>\n\t\t\t\t<div class=\"elementor-column elementor-col-50 elementor-top-column elementor-element elementor-element-9c408a2\" data-id=\"9c408a2\" data-element_type=\"column\">\n\t\t\t<div class=\"elementor-widget-wrap elementor-element-populated\">\n\t\t\t\t\t\t\t\t<div class=\"elementor-element elementor-element-3757c45 elementor-widget elementor-widget-counter\" data-id=\"3757c45\" data-element_type=\"widget\" data-widget_type=\"counter.default\">\n\t\t\t\t<div class=\"elementor-widget-container\">\n\t\t\t\t\t<div class=\"elementor-counter\">\n\t\t\t<div class=\"elementor-counter-number-wrapper\">\n\t\t\t\t<span class=\"elementor-counter-number-prefix\"><\/span>\n\t\t\t\t<span class=\"elementor-counter-number\" data-duration=\"2000\" data-to-value=\"21000\" data-from-value=\"0\" data-delimiter=\",\">0<\/span>\n\t\t\t\t<span class=\"elementor-counter-number-suffix\">m\u00e9t vu\u00f4ng<\/span>\n\t\t\t<\/div>\n\t\t\t\t\t\t\t<div class=\"elementor-counter-title\">C\u01a1 s\u1edf s\u1ea3n xu\u1ea5t \u0110\u00f4ng Quan<\/div>\n\t\t\t\t\t<\/div>\n\t\t\t\t<\/div>\n\t\t\t\t<\/div>\n\t\t\t\t\t<\/div>\n\t\t<\/div>\n\t\t\t\t\t\t\t<\/div>\n\t\t<\/section>\n\t\t\t\t<section class=\"wd-negative-gap elementor-section elementor-top-section elementor-element elementor-element-6ff9096 elementor-section-height-min-height elementor-section-boxed elementor-section-height-default elementor-section-items-middle wd-section-disabled\" data-id=\"6ff9096\" data-element_type=\"section\">\n\t\t\t\t\t\t<div class=\"elementor-container elementor-column-gap-default\">\n\t\t\t\t\t<div class=\"elementor-column elementor-col-100 elementor-top-column elementor-element elementor-element-fa66770\" data-id=\"fa66770\" data-element_type=\"column\">\n\t\t\t<div class=\"elementor-widget-wrap elementor-element-populated\">\n\t\t\t\t\t\t\t\t<div class=\"elementor-element elementor-element-b477866 elementor-widget elementor-widget-heading\" data-id=\"b477866\" data-element_type=\"widget\" data-widget_type=\"heading.default\">\n\t\t\t\t<div class=\"elementor-widget-container\">\n\t\t\t<h2 class=\"elementor-heading-title elementor-size-default\">\u0110\u1ed9i c\u1ee7a ch\u00fang t\u00f4i<\/h2>\t\t<\/div>\n\t\t\t\t<\/div>\n\t\t\t\t<div class=\"elementor-element elementor-element-598f953 elementor-invisible elementor-widget elementor-widget-image\" data-id=\"598f953\" data-element_type=\"widget\" data-settings=\"{&quot;_animation&quot;:&quot;fadeInUp&quot;}\" data-widget_type=\"image.default\">\n\t\t\t\t<div class=\"elementor-widget-container\">\n\t\t\t<style>\/*! elementor - v3.16.0 - 20-09-2023 *\/\n.elementor-widget-image{text-align:center}.elementor-widget-image a{display:inline-block}.elementor-widget-image a img[src$=\".svg\"]{width:48px}.elementor-widget-image img{vertical-align:middle;display:inline-block}<\/style>\t\t\t\t\t\t\t\t\t\t\t\t<img loading=\"lazy\" decoding=\"async\" width=\"1720\" height=\"1206\" src=\"https:\/\/hc-star.com\/wp-content\/uploads\/2023\/11\/1720x1206_1-jpg.webp\" class=\"attachment-full size-full wp-image-923\" alt=\"\" srcset=\"https:\/\/hc-star.com\/wp-content\/uploads\/2023\/11\/1720x1206_1-jpg.webp 1720w, https:\/\/hc-star.com\/wp-content\/uploads\/2023\/11\/1720x1206_1-300x210.webp 300w, https:\/\/hc-star.com\/wp-content\/uploads\/2023\/11\/1720x1206_1-1024x718.webp 1024w, https:\/\/hc-star.com\/wp-content\/uploads\/2023\/11\/1720x1206_1-768x538.webp 768w, https:\/\/hc-star.com\/wp-content\/uploads\/2023\/11\/1720x1206_1-1536x1077.webp 1536w, https:\/\/hc-star.com\/wp-content\/uploads\/2023\/11\/1720x1206_1-18x12.webp 18w, https:\/\/hc-star.com\/wp-content\/uploads\/2023\/11\/1720x1206_1-600x421.webp 600w, https:\/\/hc-star.com\/wp-content\/uploads\/2023\/11\/1720x1206_1-150x105.webp 150w\" sizes=\"auto, (max-width: 1720px) 100vw, 1720px\" \/>\t\t\t\t\t\t\t\t\t\t\t\t\t\t\t<\/div>\n\t\t\t\t<\/div>\n\t\t\t\t<div class=\"elementor-element elementor-element-e143b40 elementor-widget elementor-widget-image\" data-id=\"e143b40\" data-element_type=\"widget\" data-widget_type=\"image.default\">\n\t\t\t\t<div class=\"elementor-widget-container\">\n\t\t\t\t\t\t\t\t\t\t\t\t\t\t\t<img loading=\"lazy\" decoding=\"async\" width=\"1720\" height=\"620\" src=\"https:\/\/hc-star.com\/wp-content\/uploads\/2023\/11\/1720x620_2-jpg.webp\" class=\"attachment-full size-full wp-image-911\" alt=\"\" srcset=\"https:\/\/hc-star.com\/wp-content\/uploads\/2023\/11\/1720x620_2-jpg.webp 1720w, https:\/\/hc-star.com\/wp-content\/uploads\/2023\/11\/1720x620_2-300x108.webp 300w, https:\/\/hc-star.com\/wp-content\/uploads\/2023\/11\/1720x620_2-1024x369.webp 1024w, https:\/\/hc-star.com\/wp-content\/uploads\/2023\/11\/1720x620_2-768x277.webp 768w, https:\/\/hc-star.com\/wp-content\/uploads\/2023\/11\/1720x620_2-1536x554.webp 1536w, https:\/\/hc-star.com\/wp-content\/uploads\/2023\/11\/1720x620_2-18x6.webp 18w, https:\/\/hc-star.com\/wp-content\/uploads\/2023\/11\/1720x620_2-600x216.webp 600w, https:\/\/hc-star.com\/wp-content\/uploads\/2023\/11\/1720x620_2-150x54.webp 150w\" sizes=\"auto, (max-width: 1720px) 100vw, 1720px\" \/>\t\t\t\t\t\t\t\t\t\t\t\t\t\t\t<\/div>\n\t\t\t\t<\/div>\n\t\t\t\t\t<\/div>\n\t\t<\/div>\n\t\t\t\t\t\t\t<\/div>\n\t\t<\/section>\n\t\t\t\t<section class=\"wd-negative-gap elementor-section elementor-top-section elementor-element elementor-element-b319fc7 elementor-section-boxed elementor-section-height-default elementor-section-height-default wd-section-disabled\" data-id=\"b319fc7\" data-element_type=\"section\">\n\t\t\t\t\t\t<div class=\"elementor-container elementor-column-gap-default\">\n\t\t\t\t\t<div class=\"elementor-column elementor-col-33 elementor-top-column elementor-element elementor-element-08d7cd0\" data-id=\"08d7cd0\" data-element_type=\"column\">\n\t\t\t<div class=\"elementor-widget-wrap elementor-element-populated\">\n\t\t\t\t\t\t\t\t<div class=\"elementor-element elementor-element-12ff326 elementor-invisible elementor-widget elementor-widget-wd_infobox\" data-id=\"12ff326\" data-element_type=\"widget\" data-settings=\"{&quot;_animation&quot;:&quot;fadeInLeft&quot;}\" data-widget_type=\"wd_infobox.default\">\n\t\t\t\t<div class=\"elementor-widget-container\">\n\t\t\t\t\t<div class=\"info-box-wrapper\">\n\t\t\t<div class=\"wd-info-box text-left box-icon-align-top box-style-base color-scheme-\"  style=\"\">\n\t\t\t\t\n\t\t\t\t<div class=\"info-box-content\">\n\t\t\t\t\t\n\t\t\t\t\t\t\t\t\t\t\t<h4\t\t\t\t\t\tclass=\"info-box-title title box-title-style-default wd-fontsize-m\" data-elementor-setting-key=\"title\">\n\t\t\t\t\t\t\t\t\u0110\u1ed9i ng\u0169 b\u00e1n h\u00e0ng\t\t\t\t\t\t<\/h4>\n\t\t\t\t\t\n\t\t\t\t\t<div class=\"info-box-inner set-cont-mb-s reset-last-child\"data-elementor-setting-key=\"content\"><p>Ch\u00fang t\u00f4i kh\u00f4ng ph\u1ea3i l\u00e0 nh\u00e0 s\u1ea3n xu\u1ea5t m\u00e0n h\u00ecnh LED Trung Qu\u1ed1c \u0111i\u1ec3n h\u00ecnh c\u1ee7a b\u1ea1n. \u0110\u1ed9i ng\u0169 nh\u00e2n vi\u00ean b\u00e1n h\u00e0ng t\u1eadn t\u00e2m c\u1ee7a ch\u00fang t\u00f4i ch\u01b0a bao gi\u1edd ng\u1ea1i n\u1ed7 l\u1ef1c h\u1ebft m\u00ecnh \u0111\u1ec3 \u0111\u00e1p \u1ee9ng v\u00e0 v\u01b0\u1ee3t qu\u00e1 s\u1ef1 mong \u0111\u1ee3i c\u1ee7a kh\u00e1ch h\u00e0ng. H\u00e3y \u0111\u1ed1i x\u1eed v\u1edbi kh\u00e1ch h\u00e0ng c\u1ee7a ch\u00fang t\u00f4i b\u1eb1ng s\u1ef1 trung th\u00e0nh v\u00e0 t\u1eadn t\u00e2m nh\u01b0 nhau, b\u1ea5t k\u1ec3 quy m\u00f4 kinh doanh ho\u1eb7c ng\u00e0nh ngh\u1ec1 c\u1ee7a h\u1ecd nh\u01b0 th\u1ebf n\u00e0o<\/p>\n<\/div>\n\t\n\t\t\t\t\t\t\t\t\t<\/div>\n\t\t\t<\/div>\n\t\t<\/div>\n\t\t\t\t<\/div>\n\t\t\t\t<\/div>\n\t\t\t\t\t<\/div>\n\t\t<\/div>\n\t\t\t\t<div class=\"elementor-column elementor-col-33 elementor-top-column elementor-element elementor-element-937c383\" data-id=\"937c383\" data-element_type=\"column\">\n\t\t\t<div class=\"elementor-widget-wrap elementor-element-populated\">\n\t\t\t\t\t\t\t\t<div class=\"elementor-element elementor-element-c5fc23d elementor-widget elementor-widget-wd_infobox\" data-id=\"c5fc23d\" data-element_type=\"widget\" data-widget_type=\"wd_infobox.default\">\n\t\t\t\t<div class=\"elementor-widget-container\">\n\t\t\t\t\t<div class=\"info-box-wrapper\">\n\t\t\t<div class=\"wd-info-box text-left box-icon-align-top box-style-base color-scheme-\"  style=\"\">\n\t\t\t\t\n\t\t\t\t<div class=\"info-box-content\">\n\t\t\t\t\t\n\t\t\t\t\t\t\t\t\t\t\t<h4\t\t\t\t\t\tclass=\"info-box-title title box-title-style-default wd-fontsize-m\" data-elementor-setting-key=\"title\">\n\t\t\t\t\t\t\t\t\u0110\u1ed9i ng\u0169 ch\u1ea5t l\u01b0\u1ee3ng\t\t\t\t\t\t<\/h4>\n\t\t\t\t\t\n\t\t\t\t\t<div class=\"info-box-inner set-cont-mb-s reset-last-child\"data-elementor-setting-key=\"content\"><p>Ki\u1ec3m tra ch\u1ea5t l\u01b0\u1ee3ng t\u1eeb nguy\u00ean li\u1ec7u th\u00f4 \u0111\u1ebfn s\u1ea3n xu\u1ea5t v\u00e0 ph\u00e2n ph\u1ed1i. Ng\u01b0\u1eddi ki\u1ec3m so\u00e1t ch\u1ea5t l\u01b0\u1ee3ng chuy\u00ean nghi\u1ec7p, \u0111\u1ec3 tr\u00e1nh nh\u1eefng s\u1ea3n ph\u1ea9m kh\u00f4ng \u0111\u1ee7 ti\u00eau chu\u1ea9n ch\u1ea3y \u0111\u1ebfn tay kh\u00e1ch h\u00e0ng.<br \/>\nKi\u1ec3m tra nghi\u00eam ng\u1eb7t \u0111\u1ed1i v\u1edbi Nguy\u00ean li\u1ec7u th\u00f4, s\u1ea3n xu\u1ea5t v\u00e0 giao h\u00e0ng. \u0110\u1ea7y \u0111\u1ee7 c\u00e1c thi\u1ebft b\u1ecb trong ph\u00f2ng th\u00ed nghi\u1ec7m ch\u1ea5t l\u01b0\u1ee3ng. Tu\u00e2n th\u1ee7 nghi\u00eam ng\u1eb7t h\u1ec7 th\u1ed1ng ISO 9001: 2008.<br \/>\nC\u1ea3i ti\u1ebfn li\u00ean t\u1ee5c, t\u00ecm ki\u1ebfm m\u1ee9c ch\u1ea5t l\u01b0\u1ee3ng cao h\u01a1n.<\/p>\n<\/div>\n\t\n\t\t\t\t\t\t\t\t\t<\/div>\n\t\t\t<\/div>\n\t\t<\/div>\n\t\t\t\t<\/div>\n\t\t\t\t<\/div>\n\t\t\t\t\t<\/div>\n\t\t<\/div>\n\t\t\t\t<div class=\"elementor-column elementor-col-33 elementor-top-column elementor-element elementor-element-13f9368\" data-id=\"13f9368\" data-element_type=\"column\">\n\t\t\t<div class=\"elementor-widget-wrap elementor-element-populated\">\n\t\t\t\t\t\t\t\t<div class=\"elementor-element elementor-element-4578234 elementor-invisible elementor-widget elementor-widget-wd_infobox\" data-id=\"4578234\" data-element_type=\"widget\" data-settings=\"{&quot;_animation&quot;:&quot;fadeInRight&quot;}\" data-widget_type=\"wd_infobox.default\">\n\t\t\t\t<div class=\"elementor-widget-container\">\n\t\t\t\t\t<div class=\"info-box-wrapper\">\n\t\t\t<div class=\"wd-info-box text-left box-icon-align-top box-style-base color-scheme-\"  style=\"\">\n\t\t\t\t\n\t\t\t\t<div class=\"info-box-content\">\n\t\t\t\t\t\n\t\t\t\t\t\t\t\t\t\t\t<h4\t\t\t\t\t\tclass=\"info-box-title title box-title-style-default wd-fontsize-m\" data-elementor-setting-key=\"title\">\n\t\t\t\t\t\t\t\tNh\u00f3m th\u1ecb tr\u01b0\u1eddng\t\t\t\t\t\t<\/h4>\n\t\t\t\t\t\n\t\t\t\t\t<div class=\"info-box-inner set-cont-mb-s reset-last-child\"data-elementor-setting-key=\"content\"><p>Hi\u1ec3u bi\u1ebft s\u00e2u s\u1eafc v\u1ec1 \u0111i\u1ec1u ki\u1ec7n th\u1ecb tr\u01b0\u1eddng, ph\u00e1t tri\u1ec3n s\u1ea3n ph\u1ea9m m\u1edbi Cung c\u1ea5p h\u1ed7 tr\u1ee3 k\u1ef9 thu\u1eadt cho ch\u01b0\u01a1ng tr\u00ecnh d\u1ef1 \u00e1n. X\u00e1c \u0111\u1ecbnh v\u00e0 t\u1ed5 ch\u1ee9c th\u1ef1c hi\u1ec7n chi\u1ebfn l\u01b0\u1ee3c s\u1ea3n ph\u1ea9m ph\u00f9 h\u1ee3p.<\/p>\n<\/div>\n\t\n\t\t\t\t\t\t\t\t\t<\/div>\n\t\t\t<\/div>\n\t\t<\/div>\n\t\t\t\t<\/div>\n\t\t\t\t<\/div>\n\t\t\t\t\t<\/div>\n\t\t<\/div>\n\t\t\t\t\t\t\t<\/div>\n\t\t<\/section>\n\t\t\t\t\t\t\t<\/div>","protected":false},"excerpt":{"rendered":"<p>HC Industry HC Industry, founded in Shenzhen in 2021, is a global LED display solution service provider. To provide customers<\/p>","protected":false},"author":1,"featured_media":0,"parent":0,"menu_order":0,"comment_status":"closed","ping_status":"closed","template":"","meta":{"footnotes":""},"class_list":["post-18","page","type-page","status-publish","hentry"],"yoast_head":"<!-- This site is optimized with the Yoast SEO Premium plugin v21.0 (Yoast SEO v21.0) - https:\/\/yoast.com\/wordpress\/plugins\/seo\/ -->\n<title>About Us - Shenzhen HC Industry Co., Ltd<\/title>\n<meta name=\"robots\" content=\"index, follow, max-snippet:-1, max-image-preview:large, max-video-preview:-1\" \/>\n<link rel=\"canonical\" href=\"https:\/\/hc-star.com\/vi\/about-us\/\" \/>\n<meta property=\"og:locale\" content=\"vi_VN\" \/>\n<meta property=\"og:type\" content=\"article\" \/>\n<meta property=\"og:title\" content=\"About Us\" \/>\n<meta property=\"og:description\" content=\"HC Industry HC Industry, founded in Shenzhen in 2021, is a global LED display solution service provider. To provide customers\" \/>\n<meta property=\"og:url\" content=\"https:\/\/hc-star.com\/vi\/about-us\/\" \/>\n<meta property=\"og:site_name\" content=\"Shenzhen HC Industry Co., Ltd\" \/>\n<meta property=\"article:modified_time\" content=\"2023-11-01T07:46:28+00:00\" \/>\n<meta property=\"og:image\" content=\"https:\/\/hc-star.com\/wp-content\/uploads\/2023\/11\/1720x1206_1-jpg.webp\" \/>\n<meta name=\"twitter:card\" content=\"summary_large_image\" \/>\n<meta name=\"twitter:label1\" content=\"\u01af\u1edbc t\u00ednh th\u1eddi gian \u0111\u1ecdc\" \/>\n\t<meta name=\"twitter:data1\" content=\"2 ph\u00fat\" \/>\n<script type=\"application\/ld+json\" class=\"yoast-schema-graph\">{\"@context\":\"https:\/\/schema.org\",\"@graph\":[{\"@type\":\"WebPage\",\"@id\":\"https:\/\/hc-star.com\/about-us\/\",\"url\":\"https:\/\/hc-star.com\/about-us\/\",\"name\":\"About Us - Shenzhen HC Industry Co., Ltd\",\"isPartOf\":{\"@id\":\"https:\/\/hc-star.com\/#website\"},\"datePublished\":\"2023-10-09T03:07:44+00:00\",\"dateModified\":\"2023-11-01T07:46:28+00:00\",\"breadcrumb\":{\"@id\":\"https:\/\/hc-star.com\/about-us\/#breadcrumb\"},\"inLanguage\":\"vi\",\"potentialAction\":[{\"@type\":\"ReadAction\",\"target\":[\"https:\/\/hc-star.com\/about-us\/\"]}]},{\"@type\":\"BreadcrumbList\",\"@id\":\"https:\/\/hc-star.com\/about-us\/#breadcrumb\",\"itemListElement\":[{\"@type\":\"ListItem\",\"position\":1,\"name\":\"Home\",\"item\":\"https:\/\/hc-star.com\/\"},{\"@type\":\"ListItem\",\"position\":2,\"name\":\"About Us\"}]},{\"@type\":\"WebSite\",\"@id\":\"https:\/\/hc-star.com\/#website\",\"url\":\"https:\/\/hc-star.com\/\",\"name\":\"Shenzhen HC Industry Co., Ltd\",\"description\":\"Shenzhen HC Industry Co., Ltd\",\"potentialAction\":[{\"@type\":\"SearchAction\",\"target\":{\"@type\":\"EntryPoint\",\"urlTemplate\":\"https:\/\/hc-star.com\/?s={search_term_string}\"},\"query-input\":\"required name=search_term_string\"}],\"inLanguage\":\"vi\"}]}<\/script>\n<!-- \/ Yoast SEO Premium plugin. -->","yoast_head_json":{"title":"About Us - Shenzhen HC Industry Co., Ltd","robots":{"index":"index","follow":"follow","max-snippet":"max-snippet:-1","max-image-preview":"max-image-preview:large","max-video-preview":"max-video-preview:-1"},"canonical":"https:\/\/hc-star.com\/vi\/about-us\/","og_locale":"vi_VN","og_type":"article","og_title":"About Us","og_description":"HC Industry HC Industry, founded in Shenzhen in 2021, is a global LED display solution service provider. To provide customers","og_url":"https:\/\/hc-star.com\/vi\/about-us\/","og_site_name":"Shenzhen HC Industry Co., Ltd","article_modified_time":"2023-11-01T07:46:28+00:00","og_image":[{"url":"https:\/\/hc-star.com\/wp-content\/uploads\/2023\/11\/1720x1206_1-jpg.webp"}],"twitter_card":"summary_large_image","twitter_misc":{"\u01af\u1edbc t\u00ednh th\u1eddi gian \u0111\u1ecdc":"2 ph\u00fat"},"schema":{"@context":"https:\/\/schema.org","@graph":[{"@type":"WebPage","@id":"https:\/\/hc-star.com\/about-us\/","url":"https:\/\/hc-star.com\/about-us\/","name":"About Us - Shenzhen HC Industry Co., Ltd","isPartOf":{"@id":"https:\/\/hc-star.com\/#website"},"datePublished":"2023-10-09T03:07:44+00:00","dateModified":"2023-11-01T07:46:28+00:00","breadcrumb":{"@id":"https:\/\/hc-star.com\/about-us\/#breadcrumb"},"inLanguage":"vi","potentialAction":[{"@type":"ReadAction","target":["https:\/\/hc-star.com\/about-us\/"]}]},{"@type":"BreadcrumbList","@id":"https:\/\/hc-star.com\/about-us\/#breadcrumb","itemListElement":[{"@type":"ListItem","position":1,"name":"Home","item":"https:\/\/hc-star.com\/"},{"@type":"ListItem","position":2,"name":"About Us"}]},{"@type":"WebSite","@id":"https:\/\/hc-star.com\/#website","url":"https:\/\/hc-star.com\/","name":"Shenzhen HC Industry Co., Ltd","description":"Shenzhen HC Industry Co., Ltd","potentialAction":[{"@type":"SearchAction","target":{"@type":"EntryPoint","urlTemplate":"https:\/\/hc-star.com\/?s={search_term_string}"},"query-input":"required name=search_term_string"}],"inLanguage":"vi"}]}},"_links":{"self":[{"href":"https:\/\/hc-star.com\/vi\/wp-json\/wp\/v2\/pages\/18","targetHints":{"allow":["GET"]}}],"collection":[{"href":"https:\/\/hc-star.com\/vi\/wp-json\/wp\/v2\/pages"}],"about":[{"href":"https:\/\/hc-star.com\/vi\/wp-json\/wp\/v2\/types\/page"}],"author":[{"embeddable":true,"href":"https:\/\/hc-star.com\/vi\/wp-json\/wp\/v2\/users\/1"}],"replies":[{"embeddable":true,"href":"https:\/\/hc-star.com\/vi\/wp-json\/wp\/v2\/comments?post=18"}],"version-history":[{"count":76,"href":"https:\/\/hc-star.com\/vi\/wp-json\/wp\/v2\/pages\/18\/revisions"}],"predecessor-version":[{"id":926,"href":"https:\/\/hc-star.com\/vi\/wp-json\/wp\/v2\/pages\/18\/revisions\/926"}],"wp:attachment":[{"href":"https:\/\/hc-star.com\/vi\/wp-json\/wp\/v2\/media?parent=18"}],"curies":[{"name":"wp","href":"https:\/\/api.w.org\/{rel}","templated":true}]}}