{"id":1354,"date":"2024-02-27T17:29:34","date_gmt":"2024-02-27T09:29:34","guid":{"rendered":"https:\/\/hc-star.com\/?post_type=product&#038;p=1354"},"modified":"2024-11-23T14:01:47","modified_gmt":"2024-11-23T06:01:47","slug":"p2-97-outdoor-led-rental-display-cabinet-500x1000mm","status":"publish","type":"product","link":"https:\/\/hc-star.com\/fi\/tuote\/p2-97-outdoor-led-rental-display-cabinet-500x1000mm\/","title":{"rendered":"P2.97 ulkok\u00e4ytt\u00f6\u00f6n tarkoitettu LED-n\u00e4ytt\u00f6kaappi (500x1000mm)"},"content":{"rendered":"<p><img loading=\"lazy\" decoding=\"async\" class=\"aligncenter wp-image-1357 size-full\" src=\"https:\/\/hc-star.com\/wp-content\/uploads\/2024\/02\/P2.97_500x1000mm_ODO_1-e1732341658821.jpg\" alt=\"\" width=\"1000\" height=\"1073\" srcset=\"https:\/\/hc-star.com\/wp-content\/uploads\/2024\/02\/P2.97_500x1000mm_ODO_1-e1732341658821.jpg 1000w, https:\/\/hc-star.com\/wp-content\/uploads\/2024\/02\/P2.97_500x1000mm_ODO_1-e1732341658821-280x300.jpg 280w, https:\/\/hc-star.com\/wp-content\/uploads\/2024\/02\/P2.97_500x1000mm_ODO_1-e1732341658821-954x1024.jpg 954w, https:\/\/hc-star.com\/wp-content\/uploads\/2024\/02\/P2.97_500x1000mm_ODO_1-e1732341658821-768x824.jpg 768w, https:\/\/hc-star.com\/wp-content\/uploads\/2024\/02\/P2.97_500x1000mm_ODO_1-e1732341658821-11x12.jpg 11w, https:\/\/hc-star.com\/wp-content\/uploads\/2024\/02\/P2.97_500x1000mm_ODO_1-e1732341658821-600x644.jpg 600w, https:\/\/hc-star.com\/wp-content\/uploads\/2024\/02\/P2.97_500x1000mm_ODO_1-e1732341658821-150x161.jpg 150w\" sizes=\"auto, (max-width: 1000px) 100vw, 1000px\" \/> <img loading=\"lazy\" decoding=\"async\" class=\"aligncenter wp-image-1358 size-full\" src=\"https:\/\/hc-star.com\/wp-content\/uploads\/2024\/02\/P2.97_500x1000mm_ODO_2.jpg\" alt=\"\" width=\"1000\" height=\"1971\" srcset=\"https:\/\/hc-star.com\/wp-content\/uploads\/2024\/02\/P2.97_500x1000mm_ODO_2.jpg 1000w, https:\/\/hc-star.com\/wp-content\/uploads\/2024\/02\/P2.97_500x1000mm_ODO_2-152x300.jpg 152w, https:\/\/hc-star.com\/wp-content\/uploads\/2024\/02\/P2.97_500x1000mm_ODO_2-520x1024.jpg 520w, https:\/\/hc-star.com\/wp-content\/uploads\/2024\/02\/P2.97_500x1000mm_ODO_2-768x1514.jpg 768w, https:\/\/hc-star.com\/wp-content\/uploads\/2024\/02\/P2.97_500x1000mm_ODO_2-779x1536.jpg 779w, https:\/\/hc-star.com\/wp-content\/uploads\/2024\/02\/P2.97_500x1000mm_ODO_2-6x12.jpg 6w, https:\/\/hc-star.com\/wp-content\/uploads\/2024\/02\/P2.97_500x1000mm_ODO_2-600x1183.jpg 600w, https:\/\/hc-star.com\/wp-content\/uploads\/2024\/02\/P2.97_500x1000mm_ODO_2-150x296.jpg 150w\" sizes=\"auto, (max-width: 1000px) 100vw, 1000px\" \/> <img loading=\"lazy\" decoding=\"async\" class=\"aligncenter wp-image-1359 size-full\" src=\"https:\/\/hc-star.com\/wp-content\/uploads\/2024\/02\/P2.97_500x1000mm_ODO_3.jpg\" alt=\"\" width=\"1000\" height=\"888\" srcset=\"https:\/\/hc-star.com\/wp-content\/uploads\/2024\/02\/P2.97_500x1000mm_ODO_3.jpg 1000w, https:\/\/hc-star.com\/wp-content\/uploads\/2024\/02\/P2.97_500x1000mm_ODO_3-300x266.jpg 300w, https:\/\/hc-star.com\/wp-content\/uploads\/2024\/02\/P2.97_500x1000mm_ODO_3-768x682.jpg 768w, https:\/\/hc-star.com\/wp-content\/uploads\/2024\/02\/P2.97_500x1000mm_ODO_3-14x12.jpg 14w, https:\/\/hc-star.com\/wp-content\/uploads\/2024\/02\/P2.97_500x1000mm_ODO_3-600x533.jpg 600w, https:\/\/hc-star.com\/wp-content\/uploads\/2024\/02\/P2.97_500x1000mm_ODO_3-150x133.jpg 150w\" sizes=\"auto, (max-width: 1000px) 100vw, 1000px\" \/> <img loading=\"lazy\" decoding=\"async\" class=\"aligncenter wp-image-1360 size-full\" src=\"https:\/\/hc-star.com\/wp-content\/uploads\/2024\/02\/P2.97_500x1000mm_ODO_4.jpg\" alt=\"\" width=\"1000\" height=\"1533\" srcset=\"https:\/\/hc-star.com\/wp-content\/uploads\/2024\/02\/P2.97_500x1000mm_ODO_4.jpg 1000w, https:\/\/hc-star.com\/wp-content\/uploads\/2024\/02\/P2.97_500x1000mm_ODO_4-196x300.jpg 196w, https:\/\/hc-star.com\/wp-content\/uploads\/2024\/02\/P2.97_500x1000mm_ODO_4-668x1024.jpg 668w, https:\/\/hc-star.com\/wp-content\/uploads\/2024\/02\/P2.97_500x1000mm_ODO_4-768x1177.jpg 768w, https:\/\/hc-star.com\/wp-content\/uploads\/2024\/02\/P2.97_500x1000mm_ODO_4-8x12.jpg 8w, https:\/\/hc-star.com\/wp-content\/uploads\/2024\/02\/P2.97_500x1000mm_ODO_4-600x920.jpg 600w, https:\/\/hc-star.com\/wp-content\/uploads\/2024\/02\/P2.97_500x1000mm_ODO_4-150x230.jpg 150w\" sizes=\"auto, (max-width: 1000px) 100vw, 1000px\" \/> <img loading=\"lazy\" decoding=\"async\" class=\"aligncenter wp-image-1361 size-full\" src=\"https:\/\/hc-star.com\/wp-content\/uploads\/2024\/02\/P2.97_500x1000mm_ODO_5.jpg\" alt=\"\" width=\"1000\" height=\"2121\" srcset=\"https:\/\/hc-star.com\/wp-content\/uploads\/2024\/02\/P2.97_500x1000mm_ODO_5.jpg 1000w, https:\/\/hc-star.com\/wp-content\/uploads\/2024\/02\/P2.97_500x1000mm_ODO_5-141x300.jpg 141w, https:\/\/hc-star.com\/wp-content\/uploads\/2024\/02\/P2.97_500x1000mm_ODO_5-483x1024.jpg 483w, https:\/\/hc-star.com\/wp-content\/uploads\/2024\/02\/P2.97_500x1000mm_ODO_5-768x1629.jpg 768w, https:\/\/hc-star.com\/wp-content\/uploads\/2024\/02\/P2.97_500x1000mm_ODO_5-724x1536.jpg 724w, https:\/\/hc-star.com\/wp-content\/uploads\/2024\/02\/P2.97_500x1000mm_ODO_5-966x2048.jpg 966w, https:\/\/hc-star.com\/wp-content\/uploads\/2024\/02\/P2.97_500x1000mm_ODO_5-6x12.jpg 6w, https:\/\/hc-star.com\/wp-content\/uploads\/2024\/02\/P2.97_500x1000mm_ODO_5-600x1273.jpg 600w, https:\/\/hc-star.com\/wp-content\/uploads\/2024\/02\/P2.97_500x1000mm_ODO_5-150x318.jpg 150w\" sizes=\"auto, (max-width: 1000px) 100vw, 1000px\" \/> <img loading=\"lazy\" decoding=\"async\" class=\"aligncenter wp-image-1362 size-full\" src=\"https:\/\/hc-star.com\/wp-content\/uploads\/2024\/02\/P2.97_500x1000mm_ODO_6.jpg\" alt=\"\" width=\"1000\" height=\"1362\" srcset=\"https:\/\/hc-star.com\/wp-content\/uploads\/2024\/02\/P2.97_500x1000mm_ODO_6.jpg 1000w, https:\/\/hc-star.com\/wp-content\/uploads\/2024\/02\/P2.97_500x1000mm_ODO_6-220x300.jpg 220w, https:\/\/hc-star.com\/wp-content\/uploads\/2024\/02\/P2.97_500x1000mm_ODO_6-752x1024.jpg 752w, https:\/\/hc-star.com\/wp-content\/uploads\/2024\/02\/P2.97_500x1000mm_ODO_6-768x1046.jpg 768w, https:\/\/hc-star.com\/wp-content\/uploads\/2024\/02\/P2.97_500x1000mm_ODO_6-9x12.jpg 9w, https:\/\/hc-star.com\/wp-content\/uploads\/2024\/02\/P2.97_500x1000mm_ODO_6-600x817.jpg 600w, https:\/\/hc-star.com\/wp-content\/uploads\/2024\/02\/P2.97_500x1000mm_ODO_6-150x204.jpg 150w\" sizes=\"auto, (max-width: 1000px) 100vw, 1000px\" \/> <img loading=\"lazy\" decoding=\"async\" class=\"aligncenter wp-image-1363 size-full\" src=\"https:\/\/hc-star.com\/wp-content\/uploads\/2024\/02\/P2.97_500x1000mm_ODO_7.jpg\" alt=\"\" width=\"1000\" height=\"1428\" srcset=\"https:\/\/hc-star.com\/wp-content\/uploads\/2024\/02\/P2.97_500x1000mm_ODO_7.jpg 1000w, https:\/\/hc-star.com\/wp-content\/uploads\/2024\/02\/P2.97_500x1000mm_ODO_7-210x300.jpg 210w, https:\/\/hc-star.com\/wp-content\/uploads\/2024\/02\/P2.97_500x1000mm_ODO_7-717x1024.jpg 717w, https:\/\/hc-star.com\/wp-content\/uploads\/2024\/02\/P2.97_500x1000mm_ODO_7-768x1097.jpg 768w, https:\/\/hc-star.com\/wp-content\/uploads\/2024\/02\/P2.97_500x1000mm_ODO_7-8x12.jpg 8w, https:\/\/hc-star.com\/wp-content\/uploads\/2024\/02\/P2.97_500x1000mm_ODO_7-600x857.jpg 600w, https:\/\/hc-star.com\/wp-content\/uploads\/2024\/02\/P2.97_500x1000mm_ODO_7-150x214.jpg 150w\" sizes=\"auto, (max-width: 1000px) 100vw, 1000px\" \/> <img loading=\"lazy\" decoding=\"async\" class=\"aligncenter wp-image-1364 size-full\" src=\"https:\/\/hc-star.com\/wp-content\/uploads\/2024\/02\/P2.97_500x1000mm_ODO_8.jpg\" alt=\"\" width=\"1000\" height=\"1838\" srcset=\"https:\/\/hc-star.com\/wp-content\/uploads\/2024\/02\/P2.97_500x1000mm_ODO_8.jpg 1000w, https:\/\/hc-star.com\/wp-content\/uploads\/2024\/02\/P2.97_500x1000mm_ODO_8-163x300.jpg 163w, https:\/\/hc-star.com\/wp-content\/uploads\/2024\/02\/P2.97_500x1000mm_ODO_8-557x1024.jpg 557w, https:\/\/hc-star.com\/wp-content\/uploads\/2024\/02\/P2.97_500x1000mm_ODO_8-768x1412.jpg 768w, https:\/\/hc-star.com\/wp-content\/uploads\/2024\/02\/P2.97_500x1000mm_ODO_8-836x1536.jpg 836w, https:\/\/hc-star.com\/wp-content\/uploads\/2024\/02\/P2.97_500x1000mm_ODO_8-7x12.jpg 7w, https:\/\/hc-star.com\/wp-content\/uploads\/2024\/02\/P2.97_500x1000mm_ODO_8-600x1103.jpg 600w, https:\/\/hc-star.com\/wp-content\/uploads\/2024\/02\/P2.97_500x1000mm_ODO_8-150x276.jpg 150w\" sizes=\"auto, (max-width: 1000px) 100vw, 1000px\" \/><\/p>","protected":false},"excerpt":{"rendered":"<p>LED Outdoor Rental Display Cabinet P2.97(500x1000mm)<\/p>","protected":false},"featured_media":1356,"template":"","meta":[],"product_cat":[28,31],"product_tag":[],"class_list":["post-1354","product","type-product","status-publish","has-post-thumbnail","hentry","product_cat-rental-led-display","product_cat-outdoor-standard-series"],"yoast_head":"<!-- This site is optimized with the Yoast SEO Premium plugin v21.0 (Yoast SEO v21.0) - https:\/\/yoast.com\/wordpress\/plugins\/seo\/ -->\n<title>P2.97 Outdoor LED Rental Display Cabinet (500x1000mm) - Shenzhen HC Industry Co., Ltd<\/title>\n<meta name=\"robots\" content=\"index, follow, max-snippet:-1, max-image-preview:large, max-video-preview:-1\" \/>\n<link rel=\"canonical\" href=\"https:\/\/hc-star.com\/fi\/tuote\/p2-97-outdoor-led-rental-display-cabinet-500x1000mm\/\" \/>\n<meta property=\"og:locale\" content=\"fi_FI\" \/>\n<meta property=\"og:type\" content=\"article\" \/>\n<meta property=\"og:title\" content=\"P2.97 Outdoor LED Rental Display Cabinet (500x1000mm)\" \/>\n<meta property=\"og:description\" content=\"LED Outdoor Rental Display Cabinet P2.97(500x1000mm)\" \/>\n<meta property=\"og:url\" content=\"https:\/\/hc-star.com\/fi\/tuote\/p2-97-outdoor-led-rental-display-cabinet-500x1000mm\/\" \/>\n<meta property=\"og:site_name\" content=\"Shenzhen HC Industry Co., Ltd\" \/>\n<meta property=\"article:modified_time\" content=\"2024-11-23T06:01:47+00:00\" \/>\n<meta property=\"og:image\" content=\"https:\/\/hc-star.com\/wp-content\/uploads\/2024\/02\/P2.97_500x1000mm_ODO_zhutu.jpg\" \/>\n\t<meta property=\"og:image:width\" content=\"1000\" \/>\n\t<meta property=\"og:image:height\" content=\"1000\" \/>\n\t<meta property=\"og:image:type\" content=\"image\/jpeg\" \/>\n<meta name=\"twitter:card\" content=\"summary_large_image\" \/>\n<meta name=\"twitter:label1\" content=\"Arvioitu lukuaika\" \/>\n\t<meta name=\"twitter:data1\" content=\"2 minuuttia\" \/>\n<script type=\"application\/ld+json\" class=\"yoast-schema-graph\">{\"@context\":\"https:\/\/schema.org\",\"@graph\":[{\"@type\":\"WebPage\",\"@id\":\"https:\/\/hc-star.com\/product\/p2-97-outdoor-led-rental-display-cabinet-500x1000mm\/\",\"url\":\"https:\/\/hc-star.com\/product\/p2-97-outdoor-led-rental-display-cabinet-500x1000mm\/\",\"name\":\"P2.97 Outdoor LED Rental Display Cabinet (500x1000mm) - Shenzhen HC Industry Co., Ltd\",\"isPartOf\":{\"@id\":\"https:\/\/hc-star.com\/#website\"},\"datePublished\":\"2024-02-27T09:29:34+00:00\",\"dateModified\":\"2024-11-23T06:01:47+00:00\",\"breadcrumb\":{\"@id\":\"https:\/\/hc-star.com\/product\/p2-97-outdoor-led-rental-display-cabinet-500x1000mm\/#breadcrumb\"},\"inLanguage\":\"fi\",\"potentialAction\":[{\"@type\":\"ReadAction\",\"target\":[\"https:\/\/hc-star.com\/product\/p2-97-outdoor-led-rental-display-cabinet-500x1000mm\/\"]}]},{\"@type\":\"BreadcrumbList\",\"@id\":\"https:\/\/hc-star.com\/product\/p2-97-outdoor-led-rental-display-cabinet-500x1000mm\/#breadcrumb\",\"itemListElement\":[{\"@type\":\"ListItem\",\"position\":1,\"name\":\"Home\",\"item\":\"https:\/\/hc-star.com\/\"},{\"@type\":\"ListItem\",\"position\":2,\"name\":\"Products\",\"item\":\"https:\/\/hc-star.com\/products\/\"},{\"@type\":\"ListItem\",\"position\":3,\"name\":\"P2.97 Outdoor LED Rental Display Cabinet (500x1000mm)\"}]},{\"@type\":\"WebSite\",\"@id\":\"https:\/\/hc-star.com\/#website\",\"url\":\"https:\/\/hc-star.com\/\",\"name\":\"Shenzhen HC Industry Co., Ltd\",\"description\":\"Shenzhen HC Industry Co., Ltd\",\"potentialAction\":[{\"@type\":\"SearchAction\",\"target\":{\"@type\":\"EntryPoint\",\"urlTemplate\":\"https:\/\/hc-star.com\/?s={search_term_string}\"},\"query-input\":\"required name=search_term_string\"}],\"inLanguage\":\"fi\"}]}<\/script>\n<!-- \/ Yoast SEO Premium plugin. -->","yoast_head_json":{"title":"P2.97 Outdoor LED Rental Display Cabinet (500x1000mm) - Shenzhen HC Industry Co., Ltd","robots":{"index":"index","follow":"follow","max-snippet":"max-snippet:-1","max-image-preview":"max-image-preview:large","max-video-preview":"max-video-preview:-1"},"canonical":"https:\/\/hc-star.com\/fi\/tuote\/p2-97-outdoor-led-rental-display-cabinet-500x1000mm\/","og_locale":"fi_FI","og_type":"article","og_title":"P2.97 Outdoor LED Rental Display Cabinet (500x1000mm)","og_description":"LED Outdoor Rental Display Cabinet P2.97(500x1000mm)","og_url":"https:\/\/hc-star.com\/fi\/tuote\/p2-97-outdoor-led-rental-display-cabinet-500x1000mm\/","og_site_name":"Shenzhen HC Industry Co., Ltd","article_modified_time":"2024-11-23T06:01:47+00:00","og_image":[{"width":1000,"height":1000,"url":"https:\/\/hc-star.com\/wp-content\/uploads\/2024\/02\/P2.97_500x1000mm_ODO_zhutu.jpg","type":"image\/jpeg"}],"twitter_card":"summary_large_image","twitter_misc":{"Arvioitu lukuaika":"2 minuuttia"},"schema":{"@context":"https:\/\/schema.org","@graph":[{"@type":"WebPage","@id":"https:\/\/hc-star.com\/product\/p2-97-outdoor-led-rental-display-cabinet-500x1000mm\/","url":"https:\/\/hc-star.com\/product\/p2-97-outdoor-led-rental-display-cabinet-500x1000mm\/","name":"P2.97 Outdoor LED Rental Display Cabinet (500x1000mm) - Shenzhen HC Industry Co., Ltd","isPartOf":{"@id":"https:\/\/hc-star.com\/#website"},"datePublished":"2024-02-27T09:29:34+00:00","dateModified":"2024-11-23T06:01:47+00:00","breadcrumb":{"@id":"https:\/\/hc-star.com\/product\/p2-97-outdoor-led-rental-display-cabinet-500x1000mm\/#breadcrumb"},"inLanguage":"fi","potentialAction":[{"@type":"ReadAction","target":["https:\/\/hc-star.com\/product\/p2-97-outdoor-led-rental-display-cabinet-500x1000mm\/"]}]},{"@type":"BreadcrumbList","@id":"https:\/\/hc-star.com\/product\/p2-97-outdoor-led-rental-display-cabinet-500x1000mm\/#breadcrumb","itemListElement":[{"@type":"ListItem","position":1,"name":"Home","item":"https:\/\/hc-star.com\/"},{"@type":"ListItem","position":2,"name":"Products","item":"https:\/\/hc-star.com\/products\/"},{"@type":"ListItem","position":3,"name":"P2.97 Outdoor LED Rental Display Cabinet (500x1000mm)"}]},{"@type":"WebSite","@id":"https:\/\/hc-star.com\/#website","url":"https:\/\/hc-star.com\/","name":"Shenzhen HC Industry Co., Ltd","description":"Shenzhen HC Industry Co., Ltd","potentialAction":[{"@type":"SearchAction","target":{"@type":"EntryPoint","urlTemplate":"https:\/\/hc-star.com\/?s={search_term_string}"},"query-input":"required name=search_term_string"}],"inLanguage":"fi"}]}},"_links":{"self":[{"href":"https:\/\/hc-star.com\/fi\/wp-json\/wp\/v2\/product\/1354","targetHints":{"allow":["GET"]}}],"collection":[{"href":"https:\/\/hc-star.com\/fi\/wp-json\/wp\/v2\/product"}],"about":[{"href":"https:\/\/hc-star.com\/fi\/wp-json\/wp\/v2\/types\/product"}],"wp:featuredmedia":[{"embeddable":true,"href":"https:\/\/hc-star.com\/fi\/wp-json\/wp\/v2\/media\/1356"}],"wp:attachment":[{"href":"https:\/\/hc-star.com\/fi\/wp-json\/wp\/v2\/media?parent=1354"}],"wp:term":[{"taxonomy":"product_cat","embeddable":true,"href":"https:\/\/hc-star.com\/fi\/wp-json\/wp\/v2\/product_cat?post=1354"},{"taxonomy":"product_tag","embeddable":true,"href":"https:\/\/hc-star.com\/fi\/wp-json\/wp\/v2\/product_tag?post=1354"}],"curies":[{"name":"wp","href":"https:\/\/api.w.org\/{rel}","templated":true}]}}