{"id":18,"date":"2023-10-09T03:07:44","date_gmt":"2023-10-09T03:07:44","guid":{"rendered":"https:\/\/hc-star.com\/?page_id=18"},"modified":"2023-11-01T15:46:28","modified_gmt":"2023-11-01T07:46:28","slug":"about-us","status":"publish","type":"page","link":"https:\/\/hc-star.com\/de\/about-us\/","title":{"rendered":"\u00dcber uns"},"content":{"rendered":"<div data-elementor-type=\"wp-page\" data-elementor-id=\"18\" class=\"elementor elementor-18\" data-elementor-post-type=\"page\">\n\t\t\t\t\t\t\t\t\t<section class=\"wd-negative-gap elementor-section elementor-top-section elementor-element elementor-element-c401360 elementor-section-height-min-height elementor-section-content-middle wd-section-stretch elementor-section-boxed elementor-section-height-default elementor-section-items-middle\" data-id=\"c401360\" data-element_type=\"section\" data-settings=\"{&quot;background_background&quot;:&quot;classic&quot;}\">\n\t\t\t\t\t\t<div class=\"elementor-container elementor-column-gap-default\">\n\t\t\t\t\t<div class=\"elementor-column elementor-col-50 elementor-top-column elementor-element elementor-element-436a405\" data-id=\"436a405\" data-element_type=\"column\">\n\t\t\t<div class=\"elementor-widget-wrap elementor-element-populated\">\n\t\t\t\t\t\t\t\t<div class=\"elementor-element elementor-element-158c14a elementor-widget elementor-widget-heading\" data-id=\"158c14a\" data-element_type=\"widget\" data-widget_type=\"heading.default\">\n\t\t\t\t<div class=\"elementor-widget-container\">\n\t\t\t<style>\/*! elementor - v3.16.0 - 20-09-2023 *\/\n.elementor-heading-title{padding:0;margin:0;line-height:1}.elementor-widget-heading .elementor-heading-title[class*=elementor-size-]>a{color:inherit;font-size:inherit;line-height:inherit}.elementor-widget-heading .elementor-heading-title.elementor-size-small{font-size:15px}.elementor-widget-heading .elementor-heading-title.elementor-size-medium{font-size:19px}.elementor-widget-heading .elementor-heading-title.elementor-size-large{font-size:29px}.elementor-widget-heading .elementor-heading-title.elementor-size-xl{font-size:39px}.elementor-widget-heading .elementor-heading-title.elementor-size-xxl{font-size:59px}<\/style><h2 class=\"elementor-heading-title elementor-size-default\">HC-Industrie<\/h2>\t\t<\/div>\n\t\t\t\t<\/div>\n\t\t\t\t\t<\/div>\n\t\t<\/div>\n\t\t\t\t<div class=\"elementor-column elementor-col-50 elementor-top-column elementor-element elementor-element-da0b4a9\" data-id=\"da0b4a9\" data-element_type=\"column\">\n\t\t\t<div class=\"elementor-widget-wrap elementor-element-populated\">\n\t\t\t\t\t\t\t\t<div class=\"elementor-element elementor-element-0c47d20 color-scheme-inherit text-left elementor-widget elementor-widget-text-editor\" data-id=\"0c47d20\" data-element_type=\"widget\" data-widget_type=\"text-editor.default\">\n\t\t\t\t<div class=\"elementor-widget-container\">\n\t\t\t<style>\/*! elementor - v3.16.0 - 20-09-2023 *\/\n.elementor-widget-text-editor.elementor-drop-cap-view-stacked .elementor-drop-cap{background-color:#69727d;color:#fff}.elementor-widget-text-editor.elementor-drop-cap-view-framed .elementor-drop-cap{color:#69727d;border:3px solid;background-color:transparent}.elementor-widget-text-editor:not(.elementor-drop-cap-view-default) .elementor-drop-cap{margin-top:8px}.elementor-widget-text-editor:not(.elementor-drop-cap-view-default) .elementor-drop-cap-letter{width:1em;height:1em}.elementor-widget-text-editor .elementor-drop-cap{float:left;text-align:center;line-height:1;font-size:50px}.elementor-widget-text-editor .elementor-drop-cap-letter{display:inline-block}<\/style>\t\t\t\t<p>HC Industry wurde 2021 in Shenzhen gegr\u00fcndet und ist ein globaler Anbieter von LED-Display-L\u00f6sungen.<\/p><p>Bereitstellung von Komplettl\u00f6sungen f\u00fcr Kunden von Videoprozessoren bis hin zur Displaysteuerung, die h\u00e4ufig in der Sicherheits\u00fcberwachung, in Kommando- und Leitzentralen, bei kleinen Konferenzr\u00e4umen, in Werbemedien, bei B\u00fchnenauftritten, in virtuellen Studios, bei der Verkehrsf\u00fchrung, bei kommerziellen Displays und in optoelektronischen Systemen eingesetzt werden. High-End-Verbraucherdisplays und andere M\u00e4rkte.<\/p>\t\t\t\t\t\t<\/div>\n\t\t\t\t<\/div>\n\t\t\t\t\t<\/div>\n\t\t<\/div>\n\t\t\t\t\t\t\t<\/div>\n\t\t<\/section>\n\t\t\t\t<section class=\"wd-negative-gap elementor-section elementor-top-section elementor-element elementor-element-01f855d elementor-section-height-min-height elementor-section-boxed elementor-section-height-default elementor-section-items-middle wd-section-disabled\" data-id=\"01f855d\" data-element_type=\"section\">\n\t\t\t\t\t\t<div class=\"elementor-container elementor-column-gap-default\">\n\t\t\t\t\t<div class=\"elementor-column elementor-col-50 elementor-top-column elementor-element elementor-element-e8676ca\" data-id=\"e8676ca\" data-element_type=\"column\">\n\t\t\t<div class=\"elementor-widget-wrap elementor-element-populated\">\n\t\t\t\t\t\t\t\t<div class=\"elementor-element elementor-element-188b705 elementor-widget elementor-widget-counter\" data-id=\"188b705\" data-element_type=\"widget\" data-widget_type=\"counter.default\">\n\t\t\t\t<div class=\"elementor-widget-container\">\n\t\t\t<style>\/*! elementor - v3.16.0 - 20-09-2023 *\/\n.elementor-counter .elementor-counter-number-wrapper{display:flex;font-size:69px;font-weight:600;line-height:1}.elementor-counter .elementor-counter-number-prefix,.elementor-counter .elementor-counter-number-suffix{flex-grow:1;white-space:pre-wrap}.elementor-counter .elementor-counter-number-prefix{text-align:right}.elementor-counter .elementor-counter-number-suffix{text-align:left}.elementor-counter .elementor-counter-title{text-align:center;font-size:19px;font-weight:400;line-height:2.5}<\/style>\t\t<div class=\"elementor-counter\">\n\t\t\t<div class=\"elementor-counter-number-wrapper\">\n\t\t\t\t<span class=\"elementor-counter-number-prefix\"><\/span>\n\t\t\t\t<span class=\"elementor-counter-number\" data-duration=\"2000\" data-to-value=\"1000\" data-from-value=\"0\" data-delimiter=\",\">0<\/span>\n\t\t\t\t<span class=\"elementor-counter-number-suffix\">m\u00b2<\/span>\n\t\t\t<\/div>\n\t\t\t\t\t\t\t<div class=\"elementor-counter-title\">Hauptgeb\u00e4ude des Bezirks Shenzhen Bao&#039;an<\/div>\n\t\t\t\t\t<\/div>\n\t\t\t\t<\/div>\n\t\t\t\t<\/div>\n\t\t\t\t\t<\/div>\n\t\t<\/div>\n\t\t\t\t<div class=\"elementor-column elementor-col-50 elementor-top-column elementor-element elementor-element-9c408a2\" data-id=\"9c408a2\" data-element_type=\"column\">\n\t\t\t<div class=\"elementor-widget-wrap elementor-element-populated\">\n\t\t\t\t\t\t\t\t<div class=\"elementor-element elementor-element-3757c45 elementor-widget elementor-widget-counter\" data-id=\"3757c45\" data-element_type=\"widget\" data-widget_type=\"counter.default\">\n\t\t\t\t<div class=\"elementor-widget-container\">\n\t\t\t\t\t<div class=\"elementor-counter\">\n\t\t\t<div class=\"elementor-counter-number-wrapper\">\n\t\t\t\t<span class=\"elementor-counter-number-prefix\"><\/span>\n\t\t\t\t<span class=\"elementor-counter-number\" data-duration=\"2000\" data-to-value=\"21000\" data-from-value=\"0\" data-delimiter=\",\">0<\/span>\n\t\t\t\t<span class=\"elementor-counter-number-suffix\">m\u00b2<\/span>\n\t\t\t<\/div>\n\t\t\t\t\t\t\t<div class=\"elementor-counter-title\">Produktionsbasis Dongguan<\/div>\n\t\t\t\t\t<\/div>\n\t\t\t\t<\/div>\n\t\t\t\t<\/div>\n\t\t\t\t\t<\/div>\n\t\t<\/div>\n\t\t\t\t\t\t\t<\/div>\n\t\t<\/section>\n\t\t\t\t<section class=\"wd-negative-gap elementor-section elementor-top-section elementor-element elementor-element-6ff9096 elementor-section-height-min-height elementor-section-boxed elementor-section-height-default elementor-section-items-middle wd-section-disabled\" data-id=\"6ff9096\" data-element_type=\"section\">\n\t\t\t\t\t\t<div class=\"elementor-container elementor-column-gap-default\">\n\t\t\t\t\t<div class=\"elementor-column elementor-col-100 elementor-top-column elementor-element elementor-element-fa66770\" data-id=\"fa66770\" data-element_type=\"column\">\n\t\t\t<div class=\"elementor-widget-wrap elementor-element-populated\">\n\t\t\t\t\t\t\t\t<div class=\"elementor-element elementor-element-b477866 elementor-widget elementor-widget-heading\" data-id=\"b477866\" data-element_type=\"widget\" data-widget_type=\"heading.default\">\n\t\t\t\t<div class=\"elementor-widget-container\">\n\t\t\t<h2 class=\"elementor-heading-title elementor-size-default\">Unser Team<\/h2>\t\t<\/div>\n\t\t\t\t<\/div>\n\t\t\t\t<div class=\"elementor-element elementor-element-598f953 elementor-invisible elementor-widget elementor-widget-image\" data-id=\"598f953\" data-element_type=\"widget\" data-settings=\"{&quot;_animation&quot;:&quot;fadeInUp&quot;}\" data-widget_type=\"image.default\">\n\t\t\t\t<div class=\"elementor-widget-container\">\n\t\t\t<style>\/*! elementor - v3.16.0 - 20-09-2023 *\/\n.elementor-widget-image{text-align:center}.elementor-widget-image a{display:inline-block}.elementor-widget-image a img[src$=\".svg\"]{width:48px}.elementor-widget-image img{vertical-align:middle;display:inline-block}<\/style>\t\t\t\t\t\t\t\t\t\t\t\t<img loading=\"lazy\" decoding=\"async\" width=\"1720\" height=\"1206\" src=\"https:\/\/hc-star.com\/wp-content\/uploads\/2023\/11\/1720x1206_1-jpg.webp\" class=\"attachment-full size-full wp-image-923\" alt=\"\" srcset=\"https:\/\/hc-star.com\/wp-content\/uploads\/2023\/11\/1720x1206_1-jpg.webp 1720w, https:\/\/hc-star.com\/wp-content\/uploads\/2023\/11\/1720x1206_1-300x210.webp 300w, https:\/\/hc-star.com\/wp-content\/uploads\/2023\/11\/1720x1206_1-1024x718.webp 1024w, https:\/\/hc-star.com\/wp-content\/uploads\/2023\/11\/1720x1206_1-768x538.webp 768w, https:\/\/hc-star.com\/wp-content\/uploads\/2023\/11\/1720x1206_1-1536x1077.webp 1536w, https:\/\/hc-star.com\/wp-content\/uploads\/2023\/11\/1720x1206_1-18x12.webp 18w, https:\/\/hc-star.com\/wp-content\/uploads\/2023\/11\/1720x1206_1-600x421.webp 600w, https:\/\/hc-star.com\/wp-content\/uploads\/2023\/11\/1720x1206_1-150x105.webp 150w\" sizes=\"auto, (max-width: 1720px) 100vw, 1720px\" \/>\t\t\t\t\t\t\t\t\t\t\t\t\t\t\t<\/div>\n\t\t\t\t<\/div>\n\t\t\t\t<div class=\"elementor-element elementor-element-e143b40 elementor-widget elementor-widget-image\" data-id=\"e143b40\" data-element_type=\"widget\" data-widget_type=\"image.default\">\n\t\t\t\t<div class=\"elementor-widget-container\">\n\t\t\t\t\t\t\t\t\t\t\t\t\t\t\t<img loading=\"lazy\" decoding=\"async\" width=\"1720\" height=\"620\" src=\"https:\/\/hc-star.com\/wp-content\/uploads\/2023\/11\/1720x620_2-jpg.webp\" class=\"attachment-full size-full wp-image-911\" alt=\"\" srcset=\"https:\/\/hc-star.com\/wp-content\/uploads\/2023\/11\/1720x620_2-jpg.webp 1720w, https:\/\/hc-star.com\/wp-content\/uploads\/2023\/11\/1720x620_2-300x108.webp 300w, https:\/\/hc-star.com\/wp-content\/uploads\/2023\/11\/1720x620_2-1024x369.webp 1024w, https:\/\/hc-star.com\/wp-content\/uploads\/2023\/11\/1720x620_2-768x277.webp 768w, https:\/\/hc-star.com\/wp-content\/uploads\/2023\/11\/1720x620_2-1536x554.webp 1536w, https:\/\/hc-star.com\/wp-content\/uploads\/2023\/11\/1720x620_2-18x6.webp 18w, https:\/\/hc-star.com\/wp-content\/uploads\/2023\/11\/1720x620_2-600x216.webp 600w, https:\/\/hc-star.com\/wp-content\/uploads\/2023\/11\/1720x620_2-150x54.webp 150w\" sizes=\"auto, (max-width: 1720px) 100vw, 1720px\" \/>\t\t\t\t\t\t\t\t\t\t\t\t\t\t\t<\/div>\n\t\t\t\t<\/div>\n\t\t\t\t\t<\/div>\n\t\t<\/div>\n\t\t\t\t\t\t\t<\/div>\n\t\t<\/section>\n\t\t\t\t<section class=\"wd-negative-gap elementor-section elementor-top-section elementor-element elementor-element-b319fc7 elementor-section-boxed elementor-section-height-default elementor-section-height-default wd-section-disabled\" data-id=\"b319fc7\" data-element_type=\"section\">\n\t\t\t\t\t\t<div class=\"elementor-container elementor-column-gap-default\">\n\t\t\t\t\t<div class=\"elementor-column elementor-col-33 elementor-top-column elementor-element elementor-element-08d7cd0\" data-id=\"08d7cd0\" data-element_type=\"column\">\n\t\t\t<div class=\"elementor-widget-wrap elementor-element-populated\">\n\t\t\t\t\t\t\t\t<div class=\"elementor-element elementor-element-12ff326 elementor-invisible elementor-widget elementor-widget-wd_infobox\" data-id=\"12ff326\" data-element_type=\"widget\" data-settings=\"{&quot;_animation&quot;:&quot;fadeInLeft&quot;}\" data-widget_type=\"wd_infobox.default\">\n\t\t\t\t<div class=\"elementor-widget-container\">\n\t\t\t\t\t<div class=\"info-box-wrapper\">\n\t\t\t<div class=\"wd-info-box text-left box-icon-align-top box-style-base color-scheme-\"  style=\"\">\n\t\t\t\t\n\t\t\t\t<div class=\"info-box-content\">\n\t\t\t\t\t\n\t\t\t\t\t\t\t\t\t\t\t<h4\t\t\t\t\t\tclass=\"info-box-title title box-title-style-default wd-fontsize-m\" data-elementor-setting-key=\"title\">\n\t\t\t\t\t\t\t\tVerkaufsteam\t\t\t\t\t\t<\/h4>\n\t\t\t\t\t\n\t\t\t\t\t<div class=\"info-box-inner set-cont-mb-s reset-last-child\"data-elementor-setting-key=\"content\"><p>Wir sind kein typischer chinesischer Hersteller von LED-Displays. Unser \u00e4u\u00dferst engagiertes Verkaufspersonal hat sich nie davor gescheut, noch einen Schritt weiter zu gehen, um die Erwartungen des Kunden zu erf\u00fcllen und zu \u00fcbertreffen. Wir behandeln unsere Kunden mit der gleichen Loyalit\u00e4t und Hingabe, unabh\u00e4ngig von der Gr\u00f6\u00dfe ihres Unternehmens oder ihrer Branche<\/p>\n<\/div>\n\t\n\t\t\t\t\t\t\t\t\t<\/div>\n\t\t\t<\/div>\n\t\t<\/div>\n\t\t\t\t<\/div>\n\t\t\t\t<\/div>\n\t\t\t\t\t<\/div>\n\t\t<\/div>\n\t\t\t\t<div class=\"elementor-column elementor-col-33 elementor-top-column elementor-element elementor-element-937c383\" data-id=\"937c383\" data-element_type=\"column\">\n\t\t\t<div class=\"elementor-widget-wrap elementor-element-populated\">\n\t\t\t\t\t\t\t\t<div class=\"elementor-element elementor-element-c5fc23d elementor-widget elementor-widget-wd_infobox\" data-id=\"c5fc23d\" data-element_type=\"widget\" data-widget_type=\"wd_infobox.default\">\n\t\t\t\t<div class=\"elementor-widget-container\">\n\t\t\t\t\t<div class=\"info-box-wrapper\">\n\t\t\t<div class=\"wd-info-box text-left box-icon-align-top box-style-base color-scheme-\"  style=\"\">\n\t\t\t\t\n\t\t\t\t<div class=\"info-box-content\">\n\t\t\t\t\t\n\t\t\t\t\t\t\t\t\t\t\t<h4\t\t\t\t\t\tclass=\"info-box-title title box-title-style-default wd-fontsize-m\" data-elementor-setting-key=\"title\">\n\t\t\t\t\t\t\t\tQualit\u00e4tsteam\t\t\t\t\t\t<\/h4>\n\t\t\t\t\t\n\t\t\t\t\t<div class=\"info-box-inner set-cont-mb-s reset-last-child\"data-elementor-setting-key=\"content\"><p>Qualit\u00e4tskontrolle vom Rohmaterial \u00fcber die Produktion bis hin zur Lieferung. Professionelle Qualit\u00e4tskontrolle, um zu verhindern, dass unqualifizierte Produkte an den Kunden gelangen.<br \/>\nStrenge Kontrolle des Rohmaterials, der Produktion und der Lieferung. Komplette Ausr\u00fcstungsserie im Qualit\u00e4tslabor. Befolgen Sie das ISO 9001:2008-System strikt.<br \/>\nKontinuierliche Verbesserung, Streben nach einem h\u00f6heren Qualit\u00e4tsniveau.<\/p>\n<\/div>\n\t\n\t\t\t\t\t\t\t\t\t<\/div>\n\t\t\t<\/div>\n\t\t<\/div>\n\t\t\t\t<\/div>\n\t\t\t\t<\/div>\n\t\t\t\t\t<\/div>\n\t\t<\/div>\n\t\t\t\t<div class=\"elementor-column elementor-col-33 elementor-top-column elementor-element elementor-element-13f9368\" data-id=\"13f9368\" data-element_type=\"column\">\n\t\t\t<div class=\"elementor-widget-wrap elementor-element-populated\">\n\t\t\t\t\t\t\t\t<div class=\"elementor-element elementor-element-4578234 elementor-invisible elementor-widget elementor-widget-wd_infobox\" data-id=\"4578234\" data-element_type=\"widget\" data-settings=\"{&quot;_animation&quot;:&quot;fadeInRight&quot;}\" data-widget_type=\"wd_infobox.default\">\n\t\t\t\t<div class=\"elementor-widget-container\">\n\t\t\t\t\t<div class=\"info-box-wrapper\">\n\t\t\t<div class=\"wd-info-box text-left box-icon-align-top box-style-base color-scheme-\"  style=\"\">\n\t\t\t\t\n\t\t\t\t<div class=\"info-box-content\">\n\t\t\t\t\t\n\t\t\t\t\t\t\t\t\t\t\t<h4\t\t\t\t\t\tclass=\"info-box-title title box-title-style-default wd-fontsize-m\" data-elementor-setting-key=\"title\">\n\t\t\t\t\t\t\t\tMarktteam\t\t\t\t\t\t<\/h4>\n\t\t\t\t\t\n\t\t\t\t\t<div class=\"info-box-inner set-cont-mb-s reset-last-child\"data-elementor-setting-key=\"content\"><p>Einblick in die Marktbedingungen, Entwicklung neuer Produkte. Bereitstellung technischer Unterst\u00fctzung f\u00fcr Projektprogramme. Identifizieren und organisieren Sie die Umsetzung der entsprechenden Produktstrategie.<\/p>\n<\/div>\n\t\n\t\t\t\t\t\t\t\t\t<\/div>\n\t\t\t<\/div>\n\t\t<\/div>\n\t\t\t\t<\/div>\n\t\t\t\t<\/div>\n\t\t\t\t\t<\/div>\n\t\t<\/div>\n\t\t\t\t\t\t\t<\/div>\n\t\t<\/section>\n\t\t\t\t\t\t\t<\/div>","protected":false},"excerpt":{"rendered":"<p>HC Industry HC Industry, founded in Shenzhen in 2021, is a global LED display solution service provider. To provide customers<\/p>","protected":false},"author":1,"featured_media":0,"parent":0,"menu_order":0,"comment_status":"closed","ping_status":"closed","template":"","meta":{"footnotes":""},"class_list":["post-18","page","type-page","status-publish","hentry"],"yoast_head":"<!-- This site is optimized with the Yoast SEO Premium plugin v21.0 (Yoast SEO v21.0) - https:\/\/yoast.com\/wordpress\/plugins\/seo\/ -->\n<title>About Us - Shenzhen HC Industry Co., Ltd<\/title>\n<meta name=\"robots\" content=\"index, follow, max-snippet:-1, max-image-preview:large, max-video-preview:-1\" \/>\n<link rel=\"canonical\" href=\"https:\/\/hc-star.com\/de\/about-us\/\" \/>\n<meta property=\"og:locale\" content=\"de_DE\" \/>\n<meta property=\"og:type\" content=\"article\" \/>\n<meta property=\"og:title\" content=\"About Us\" \/>\n<meta property=\"og:description\" content=\"HC Industry HC Industry, founded in Shenzhen in 2021, is a global LED display solution service provider. To provide customers\" \/>\n<meta property=\"og:url\" content=\"https:\/\/hc-star.com\/de\/about-us\/\" \/>\n<meta property=\"og:site_name\" content=\"Shenzhen HC Industry Co., Ltd\" \/>\n<meta property=\"article:modified_time\" content=\"2023-11-01T07:46:28+00:00\" \/>\n<meta property=\"og:image\" content=\"https:\/\/hc-star.com\/wp-content\/uploads\/2023\/11\/1720x1206_1-jpg.webp\" \/>\n<meta name=\"twitter:card\" content=\"summary_large_image\" \/>\n<meta name=\"twitter:label1\" content=\"Gesch\u00e4tzte Lesezeit\" \/>\n\t<meta name=\"twitter:data1\" content=\"2\u00a0Minuten\" \/>\n<script type=\"application\/ld+json\" class=\"yoast-schema-graph\">{\"@context\":\"https:\/\/schema.org\",\"@graph\":[{\"@type\":\"WebPage\",\"@id\":\"https:\/\/hc-star.com\/about-us\/\",\"url\":\"https:\/\/hc-star.com\/about-us\/\",\"name\":\"About Us - Shenzhen HC Industry Co., Ltd\",\"isPartOf\":{\"@id\":\"https:\/\/hc-star.com\/#website\"},\"datePublished\":\"2023-10-09T03:07:44+00:00\",\"dateModified\":\"2023-11-01T07:46:28+00:00\",\"breadcrumb\":{\"@id\":\"https:\/\/hc-star.com\/about-us\/#breadcrumb\"},\"inLanguage\":\"de\",\"potentialAction\":[{\"@type\":\"ReadAction\",\"target\":[\"https:\/\/hc-star.com\/about-us\/\"]}]},{\"@type\":\"BreadcrumbList\",\"@id\":\"https:\/\/hc-star.com\/about-us\/#breadcrumb\",\"itemListElement\":[{\"@type\":\"ListItem\",\"position\":1,\"name\":\"Home\",\"item\":\"https:\/\/hc-star.com\/\"},{\"@type\":\"ListItem\",\"position\":2,\"name\":\"About Us\"}]},{\"@type\":\"WebSite\",\"@id\":\"https:\/\/hc-star.com\/#website\",\"url\":\"https:\/\/hc-star.com\/\",\"name\":\"Shenzhen HC Industry Co., Ltd\",\"description\":\"Shenzhen HC Industry Co., Ltd\",\"potentialAction\":[{\"@type\":\"SearchAction\",\"target\":{\"@type\":\"EntryPoint\",\"urlTemplate\":\"https:\/\/hc-star.com\/?s={search_term_string}\"},\"query-input\":\"required name=search_term_string\"}],\"inLanguage\":\"de\"}]}<\/script>\n<!-- \/ Yoast SEO Premium plugin. -->","yoast_head_json":{"title":"About Us - Shenzhen HC Industry Co., Ltd","robots":{"index":"index","follow":"follow","max-snippet":"max-snippet:-1","max-image-preview":"max-image-preview:large","max-video-preview":"max-video-preview:-1"},"canonical":"https:\/\/hc-star.com\/de\/about-us\/","og_locale":"de_DE","og_type":"article","og_title":"About Us","og_description":"HC Industry HC Industry, founded in Shenzhen in 2021, is a global LED display solution service provider. To provide customers","og_url":"https:\/\/hc-star.com\/de\/about-us\/","og_site_name":"Shenzhen HC Industry Co., Ltd","article_modified_time":"2023-11-01T07:46:28+00:00","og_image":[{"url":"https:\/\/hc-star.com\/wp-content\/uploads\/2023\/11\/1720x1206_1-jpg.webp"}],"twitter_card":"summary_large_image","twitter_misc":{"Gesch\u00e4tzte Lesezeit":"2\u00a0Minuten"},"schema":{"@context":"https:\/\/schema.org","@graph":[{"@type":"WebPage","@id":"https:\/\/hc-star.com\/about-us\/","url":"https:\/\/hc-star.com\/about-us\/","name":"About Us - Shenzhen HC Industry Co., Ltd","isPartOf":{"@id":"https:\/\/hc-star.com\/#website"},"datePublished":"2023-10-09T03:07:44+00:00","dateModified":"2023-11-01T07:46:28+00:00","breadcrumb":{"@id":"https:\/\/hc-star.com\/about-us\/#breadcrumb"},"inLanguage":"de","potentialAction":[{"@type":"ReadAction","target":["https:\/\/hc-star.com\/about-us\/"]}]},{"@type":"BreadcrumbList","@id":"https:\/\/hc-star.com\/about-us\/#breadcrumb","itemListElement":[{"@type":"ListItem","position":1,"name":"Home","item":"https:\/\/hc-star.com\/"},{"@type":"ListItem","position":2,"name":"About Us"}]},{"@type":"WebSite","@id":"https:\/\/hc-star.com\/#website","url":"https:\/\/hc-star.com\/","name":"Shenzhen HC Industry Co., Ltd","description":"Shenzhen HC Industry Co., Ltd","potentialAction":[{"@type":"SearchAction","target":{"@type":"EntryPoint","urlTemplate":"https:\/\/hc-star.com\/?s={search_term_string}"},"query-input":"required name=search_term_string"}],"inLanguage":"de"}]}},"_links":{"self":[{"href":"https:\/\/hc-star.com\/de\/wp-json\/wp\/v2\/pages\/18","targetHints":{"allow":["GET"]}}],"collection":[{"href":"https:\/\/hc-star.com\/de\/wp-json\/wp\/v2\/pages"}],"about":[{"href":"https:\/\/hc-star.com\/de\/wp-json\/wp\/v2\/types\/page"}],"author":[{"embeddable":true,"href":"https:\/\/hc-star.com\/de\/wp-json\/wp\/v2\/users\/1"}],"replies":[{"embeddable":true,"href":"https:\/\/hc-star.com\/de\/wp-json\/wp\/v2\/comments?post=18"}],"version-history":[{"count":76,"href":"https:\/\/hc-star.com\/de\/wp-json\/wp\/v2\/pages\/18\/revisions"}],"predecessor-version":[{"id":926,"href":"https:\/\/hc-star.com\/de\/wp-json\/wp\/v2\/pages\/18\/revisions\/926"}],"wp:attachment":[{"href":"https:\/\/hc-star.com\/de\/wp-json\/wp\/v2\/media?parent=18"}],"curies":[{"name":"wp","href":"https:\/\/api.w.org\/{rel}","templated":true}]}}